{"id":869,"date":"2014-06-29T12:28:07","date_gmt":"2014-06-29T12:28:07","guid":{"rendered":"http:\/\/www.fromoven.com\/?page_id=869"},"modified":"2017-01-21T12:46:55","modified_gmt":"2017-01-21T12:46:55","slug":"other","status":"publish","type":"page","link":"https:\/\/www.fromoven.com\/en\/other\/","title":{"rendered":"Other"},"content":{"rendered":"<div id='gallery-1' class='gallery galleryid-869 gallery-columns-6 gallery-size-thumbnail'><figure class='gallery-item'>\n\t\t\t<div class='gallery-icon landscape'>\n\t\t\t\t<a href='https:\/\/www.fromoven.com\/en\/a-cold-season\/foret-zebree-web-1\/'><img loading=\"lazy\" decoding=\"async\" width=\"150\" height=\"150\" src=\"https:\/\/www.fromoven.com\/en\/wp-content\/uploads\/2015\/03\/For\u00eat-z\u00e8br\u00e9e-Web-1-150x150.jpg\" class=\"attachment-thumbnail size-thumbnail\" alt=\"\" \/><\/a>\n\t\t\t<\/div><\/figure><figure class='gallery-item'>\n\t\t\t<div class='gallery-icon landscape'>\n\t\t\t\t<a href='https:\/\/www.fromoven.com\/en\/going-on-the-abstract-side\/1-crated-2016-03-06\/'><img loading=\"lazy\" decoding=\"async\" width=\"150\" height=\"150\" src=\"https:\/\/www.fromoven.com\/en\/wp-content\/uploads\/2016\/05\/1-Crated-2016-03-06-150x150.jpg\" class=\"attachment-thumbnail size-thumbnail\" alt=\"\" \/><\/a>\n\t\t\t<\/div><\/figure><figure class='gallery-item'>\n\t\t\t<div class='gallery-icon landscape'>\n\t\t\t\t<a href='https:\/\/www.fromoven.com\/en\/sahdows-no-2-dead-on-the-sidewalk\/mort-sur-le-trottoir-web\/'><img loading=\"lazy\" decoding=\"async\" width=\"150\" height=\"150\" src=\"https:\/\/www.fromoven.com\/en\/wp-content\/uploads\/2015\/05\/Mort-sur-le-trottoir-Web-150x150.jpg\" class=\"attachment-thumbnail size-thumbnail\" alt=\"\" \/><\/a>\n\t\t\t<\/div><\/figure><figure class='gallery-item'>\n\t\t\t<div class='gallery-icon landscape'>\n\t\t\t\t<a href='https:\/\/www.fromoven.com\/en\/studio-shoot-to-the-rescue\/clampfish-web-1\/'><img loading=\"lazy\" decoding=\"async\" width=\"150\" height=\"150\" src=\"https:\/\/www.fromoven.com\/en\/wp-content\/uploads\/2015\/03\/ClampFish-Web-1-150x150.jpg\" class=\"attachment-thumbnail size-thumbnail\" alt=\"\" \/><\/a>\n\t\t\t<\/div><\/figure><figure class='gallery-item'>\n\t\t\t<div class='gallery-icon landscape'>\n\t\t\t\t<a href='https:\/\/www.fromoven.com\/en\/the-little-gems-in-the-back-streets-of-montreal\/rues-de-montreal-5\/'><img loading=\"lazy\" decoding=\"async\" width=\"150\" height=\"150\" src=\"https:\/\/www.fromoven.com\/en\/wp-content\/uploads\/2016\/05\/Rues-de-Montre--al-5-150x150.jpg\" class=\"attachment-thumbnail size-thumbnail\" alt=\"\" \/><\/a>\n\t\t\t<\/div><\/figure><figure class='gallery-item'>\n\t\t\t<div class='gallery-icon landscape'>\n\t\t\t\t<a href='https:\/\/www.fromoven.com\/en\/macrophotography-without-a-macro-lens\/01-dans-la-galaxie-2016-02-06\/'><img loading=\"lazy\" decoding=\"async\" width=\"150\" height=\"150\" src=\"https:\/\/www.fromoven.com\/en\/wp-content\/uploads\/2016\/06\/01-Dans-la-galaxie-2016-02-06-150x150.jpg\" class=\"attachment-thumbnail size-thumbnail\" alt=\"\" \/><\/a>\n\t\t\t<\/div><\/figure><figure class='gallery-item'>\n\t\t\t<div class='gallery-icon landscape'>\n\t\t\t\t<a href='https:\/\/www.fromoven.com\/en\/un-weekend-au-chalet\/chalet-sutton-6\/'><img loading=\"lazy\" decoding=\"async\" width=\"150\" height=\"150\" src=\"https:\/\/www.fromoven.com\/en\/wp-content\/uploads\/2015\/02\/Chalet-Sutton-6-150x150.jpg\" class=\"attachment-thumbnail size-thumbnail\" alt=\"\" aria-describedby=\"gallery-1-1225\" \/><\/a>\n\t\t\t<\/div>\n\t\t\t\t<figcaption class='wp-caption-text gallery-caption' id='gallery-1-1225'>\n\t\t\t\tAbstrait\n\t\t\t\t<\/figcaption><\/figure><figure class='gallery-item'>\n\t\t\t<div class='gallery-icon landscape'>\n\t\t\t\t<a href='https:\/\/www.fromoven.com\/en\/deep-sea-diving-boots\/1-doomed-building-web-3\/'><img loading=\"lazy\" decoding=\"async\" width=\"150\" height=\"150\" src=\"https:\/\/www.fromoven.com\/en\/wp-content\/uploads\/2016\/04\/1-Doomed-building-Web-3-150x150.jpg\" class=\"attachment-thumbnail size-thumbnail\" alt=\"\" srcset=\"https:\/\/www.fromoven.com\/en\/wp-content\/uploads\/2016\/04\/1-Doomed-building-Web-3-150x150.jpg 150w, https:\/\/www.fromoven.com\/en\/wp-content\/uploads\/2016\/04\/1-Doomed-building-Web-3-300x300.jpg 300w, https:\/\/www.fromoven.com\/en\/wp-content\/uploads\/2016\/04\/1-Doomed-building-Web-3-768x768.jpg 768w, https:\/\/www.fromoven.com\/en\/wp-content\/uploads\/2016\/04\/1-Doomed-building-Web-3-830x830.jpg 830w, https:\/\/www.fromoven.com\/en\/wp-content\/uploads\/2016\/04\/1-Doomed-building-Web-3-230x230.jpg 230w, https:\/\/www.fromoven.com\/en\/wp-content\/uploads\/2016\/04\/1-Doomed-building-Web-3-350x350.jpg 350w, https:\/\/www.fromoven.com\/en\/wp-content\/uploads\/2016\/04\/1-Doomed-building-Web-3.jpg 1080w\" sizes=\"auto, (max-width: 150px) 100vw, 150px\" \/><\/a>\n\t\t\t<\/div><\/figure><figure class='gallery-item'>\n\t\t\t<div class='gallery-icon landscape'>\n\t\t\t\t<a href='https:\/\/www.fromoven.com\/en\/a-photographer-magnet\/festival-montgolfieres-4\/'><img loading=\"lazy\" decoding=\"async\" width=\"150\" height=\"150\" src=\"https:\/\/www.fromoven.com\/en\/wp-content\/uploads\/2017\/01\/Festival-Montgolfieres-4-150x150.jpg\" class=\"attachment-thumbnail size-thumbnail\" alt=\"\" \/><\/a>\n\t\t\t<\/div><\/figure><figure class='gallery-item'>\n\t\t\t<div class='gallery-icon landscape'>\n\t\t\t\t<a href='https:\/\/www.fromoven.com\/en\/shaking-the-dust\/lignes-divergentes-web\/'><img loading=\"lazy\" decoding=\"async\" width=\"150\" height=\"150\" src=\"https:\/\/www.fromoven.com\/en\/wp-content\/uploads\/2016\/02\/Lignes-divergentes-Web-150x150.jpg\" class=\"attachment-thumbnail size-thumbnail\" alt=\"\" \/><\/a>\n\t\t\t<\/div><\/figure><figure class='gallery-item'>\n\t\t\t<div class='gallery-icon portrait'>\n\t\t\t\t<a href='https:\/\/www.fromoven.com\/en\/the-little-gems-in-the-back-streets-of-montreal\/rues-de-montreal-2\/'><img loading=\"lazy\" decoding=\"async\" width=\"150\" height=\"150\" src=\"https:\/\/www.fromoven.com\/en\/wp-content\/uploads\/2016\/05\/Rues-de-Montre--al-2-150x150.jpg\" class=\"attachment-thumbnail size-thumbnail\" alt=\"\" aria-describedby=\"gallery-1-1781\" \/><\/a>\n\t\t\t<\/div>\n\t\t\t\t<figcaption class='wp-caption-text gallery-caption' id='gallery-1-1781'>\n\t\t\t\tDoor on St-Hubert street\n\t\t\t\t<\/figcaption><\/figure><figure class='gallery-item'>\n\t\t\t<div class='gallery-icon landscape'>\n\t\t\t\t<a href='https:\/\/www.fromoven.com\/en\/landscape\/the-light-skater\/'><img loading=\"lazy\" decoding=\"async\" width=\"150\" height=\"150\" src=\"https:\/\/www.fromoven.com\/en\/wp-content\/uploads\/2016\/05\/The-light-skater-150x150.jpg\" class=\"attachment-thumbnail size-thumbnail\" alt=\"\" srcset=\"https:\/\/www.fromoven.com\/en\/wp-content\/uploads\/2016\/05\/The-light-skater-150x150.jpg 150w, https:\/\/www.fromoven.com\/en\/wp-content\/uploads\/2016\/05\/The-light-skater-300x300.jpg 300w, https:\/\/www.fromoven.com\/en\/wp-content\/uploads\/2016\/05\/The-light-skater-768x768.jpg 768w, https:\/\/www.fromoven.com\/en\/wp-content\/uploads\/2016\/05\/The-light-skater-830x830.jpg 830w, https:\/\/www.fromoven.com\/en\/wp-content\/uploads\/2016\/05\/The-light-skater-230x230.jpg 230w, https:\/\/www.fromoven.com\/en\/wp-content\/uploads\/2016\/05\/The-light-skater-350x350.jpg 350w, https:\/\/www.fromoven.com\/en\/wp-content\/uploads\/2016\/05\/The-light-skater.jpg 1080w\" sizes=\"auto, (max-width: 150px) 100vw, 150px\" \/><\/a>\n\t\t\t<\/div><\/figure><figure class='gallery-item'>\n\t\t\t<div class='gallery-icon landscape'>\n\t\t\t\t<a href='https:\/\/www.fromoven.com\/en\/animaux-exotiques-dans-un-parc-municipal\/crabe_a_3_pinces\/'><img loading=\"lazy\" decoding=\"async\" width=\"150\" height=\"150\" src=\"https:\/\/www.fromoven.com\/en\/wp-content\/uploads\/2014\/04\/Crabe_a_3_pinces-150x150.jpg\" class=\"attachment-thumbnail size-thumbnail\" alt=\"\" \/><\/a>\n\t\t\t<\/div><\/figure><figure class='gallery-item'>\n\t\t\t<div class='gallery-icon landscape'>\n\t\t\t\t<a href='https:\/\/www.fromoven.com\/en\/shadows-no-1-solar-clock\/horloge-solaire-web\/'><img loading=\"lazy\" decoding=\"async\" width=\"150\" height=\"150\" src=\"https:\/\/www.fromoven.com\/en\/wp-content\/uploads\/2015\/05\/Horloge-solaire-Web-150x150.jpg\" class=\"attachment-thumbnail size-thumbnail\" alt=\"\" \/><\/a>\n\t\t\t<\/div><\/figure><figure class='gallery-item'>\n\t\t\t<div class='gallery-icon landscape'>\n\t\t\t\t<a href='https:\/\/www.fromoven.com\/en\/explore-the-graphic-side\/illusion-doptique-web\/'><img loading=\"lazy\" decoding=\"async\" width=\"150\" height=\"150\" src=\"https:\/\/www.fromoven.com\/en\/wp-content\/uploads\/2016\/03\/Illusion-doptique-Web-150x150.jpg\" class=\"attachment-thumbnail size-thumbnail\" alt=\"\" aria-describedby=\"gallery-1-1755\" \/><\/a>\n\t\t\t<\/div>\n\t\t\t\t<figcaption class='wp-caption-text gallery-caption' id='gallery-1-1755'>\n\t\t\t\toptical illusion\n\t\t\t\t<\/figcaption><\/figure><figure class='gallery-item'>\n\t\t\t<div class='gallery-icon landscape'>\n\t\t\t\t<a href='https:\/\/www.fromoven.com\/en\/animaux-exotiques-dans-un-parc-municipal\/patte_de_grizzly\/'><img loading=\"lazy\" decoding=\"async\" width=\"150\" height=\"150\" src=\"https:\/\/www.fromoven.com\/en\/wp-content\/uploads\/2014\/04\/Patte_de_grizzly-150x150.jpg\" class=\"attachment-thumbnail size-thumbnail\" alt=\"\" \/><\/a>\n\t\t\t<\/div><\/figure><figure class='gallery-item'>\n\t\t\t<div class='gallery-icon landscape'>\n\t\t\t\t<a href='https:\/\/www.fromoven.com\/en\/a-touch-of-abstract-creativity\/escalier-arc-en-ciel-web\/'><img loading=\"lazy\" decoding=\"async\" width=\"150\" height=\"150\" src=\"https:\/\/www.fromoven.com\/en\/wp-content\/uploads\/2015\/06\/Escalier-arc-en-ciel-Web-150x150.jpg\" class=\"attachment-thumbnail size-thumbnail\" alt=\"\" \/><\/a>\n\t\t\t<\/div><\/figure><figure class='gallery-item'>\n\t\t\t<div class='gallery-icon portrait'>\n\t\t\t\t<a href='https:\/\/www.fromoven.com\/en\/the-iphone-strikes-again\/la-ligne-pointillee-web\/'><img loading=\"lazy\" decoding=\"async\" width=\"150\" height=\"150\" src=\"https:\/\/www.fromoven.com\/en\/wp-content\/uploads\/2015\/05\/La-ligne-pointill\u00e9e-Web-150x150.jpg\" class=\"attachment-thumbnail size-thumbnail\" alt=\"\" \/><\/a>\n\t\t\t<\/div><\/figure><figure class='gallery-item'>\n\t\t\t<div class='gallery-icon portrait'>\n\t\t\t\t<a href='https:\/\/www.fromoven.com\/en\/a-love-note\/note-damour\/'><img loading=\"lazy\" decoding=\"async\" width=\"150\" height=\"150\" src=\"https:\/\/www.fromoven.com\/en\/wp-content\/uploads\/2015\/04\/Note-damour-150x150.jpg\" class=\"attachment-thumbnail size-thumbnail\" alt=\"\" \/><\/a>\n\t\t\t<\/div><\/figure><figure class='gallery-item'>\n\t\t\t<div class='gallery-icon landscape'>\n\t\t\t\t<a href='https:\/\/www.fromoven.com\/en\/a-photographer-magnet-full-tilt\/full-tilt\/'><img loading=\"lazy\" decoding=\"async\" width=\"150\" height=\"150\" src=\"https:\/\/www.fromoven.com\/en\/wp-content\/uploads\/2017\/01\/Full-Tilt-150x150.jpg\" class=\"attachment-thumbnail size-thumbnail\" alt=\"\" \/><\/a>\n\t\t\t<\/div><\/figure>\n\t\t<\/div>\n\n","protected":false},"excerpt":{"rendered":"","protected":false},"author":1,"featured_media":0,"parent":0,"menu_order":0,"comment_status":"open","ping_status":"open","template":"","meta":{"footnotes":""},"class_list":["post-869","page","type-page","status-publish","hentry"],"_links":{"self":[{"href":"https:\/\/www.fromoven.com\/en\/wp-json\/wp\/v2\/pages\/869","targetHints":{"allow":["GET"]}}],"collection":[{"href":"https:\/\/www.fromoven.com\/en\/wp-json\/wp\/v2\/pages"}],"about":[{"href":"https:\/\/www.fromoven.com\/en\/wp-json\/wp\/v2\/types\/page"}],"author":[{"embeddable":true,"href":"https:\/\/www.fromoven.com\/en\/wp-json\/wp\/v2\/users\/1"}],"replies":[{"embeddable":true,"href":"https:\/\/www.fromoven.com\/en\/wp-json\/wp\/v2\/comments?post=869"}],"version-history":[{"count":5,"href":"https:\/\/www.fromoven.com\/en\/wp-json\/wp\/v2\/pages\/869\/revisions"}],"predecessor-version":[{"id":1983,"href":"https:\/\/www.fromoven.com\/en\/wp-json\/wp\/v2\/pages\/869\/revisions\/1983"}],"wp:attachment":[{"href":"https:\/\/www.fromoven.com\/en\/wp-json\/wp\/v2\/media?parent=869"}],"curies":[{"name":"wp","href":"https:\/\/api.w.org\/{rel}","templated":true}]}}